{"id":258,"date":"2020-10-29T19:23:15","date_gmt":"2020-10-29T18:23:15","guid":{"rendered":"http:\/\/localhost\/my\/fara\/?page_id=258"},"modified":"2026-04-18T12:20:01","modified_gmt":"2026-04-18T10:20:01","slug":"oznamy","status":"publish","type":"page","link":"https:\/\/nemsova.fara.sk\/web\/oznamy\/","title":{"rendered":"Oznamy"},"content":{"rendered":"<p>&nbsp;<\/p>\n<p>TRETIA VE\u013dKONO\u010cN\u00c1 NEDE\u013dA<\/p>\n<p>Liturgick\u00fd kalend\u00e1r<\/p>\n<p><strong>\u00a0<\/strong><\/p>\n<p><strong>\u00a0<\/strong><\/p>\n<p><strong>\u00a0<\/strong><\/p>\n<p>\u0160tvrtok: sv. Vojtecha, biskupa a\u00a0mu\u010den\u00edka \u2013 spomienka<\/p>\n<p>Sobota: sv. Marka, evanjelistu &#8211; sviatok<\/p>\n<p><strong>Nede\u013ea:<\/strong> \u0160TVRT\u00c1 VE\u013dKONO\u010cN\u00c1 NEDE\u013dA<\/p>\n<p>&nbsp;<\/p>\n<p>&nbsp;<\/p>\n<p>&nbsp;<\/p>\n<p>&nbsp;<\/p>\n<table width=\"728\">\n<tbody>\n<tr>\n<td rowspan=\"2\" width=\"96\"><strong>Pondelok<\/strong><\/p>\n<p><strong>20. 4.<\/strong><\/td>\n<td width=\"149\">K\u013e\u00fa\u010dov\u00e9 17:00<\/td>\n<td width=\"482\">&#8230;<\/td>\n<\/tr>\n<tr>\n<td width=\"149\">Nem\u0161ov\u00e1 18:00<\/td>\n<td width=\"482\">+ z\u00a0rod. Barto\u0161ovej, Korpovej a Pukalovi\u010dovej a\u00a0Bpz pre tieto rodiny<\/td>\n<\/tr>\n<tr>\n<td rowspan=\"2\" width=\"96\"><strong>\u00a0 Utorok <\/strong><\/p>\n<p><strong>\u00a0\u00a0\u00a0\u00a0 21. 4.<\/strong><\/td>\n<td width=\"149\">T. Z\u00e1vada 17:00<\/td>\n<td width=\"482\">&#8230;<\/td>\n<\/tr>\n<tr>\n<td width=\"149\">Nem\u0161ov\u00e1 18:00<\/td>\n<td width=\"482\">+ Ladislav a\u00a0Margita Prnov\u00ed a\u00a0Bpz pre rod. Prnov\u00fa<\/td>\n<\/tr>\n<tr>\n<td rowspan=\"2\" width=\"96\"><strong>\u00a0 Streda <\/strong><\/p>\n<p><strong>\u00a0\u00a0\u00a0\u00a0 22. 4.<\/strong><\/td>\n<td width=\"149\">Bor\u010dice 17:00<\/td>\n<td width=\"482\">&#8230;<\/td>\n<\/tr>\n<tr>\n<td width=\"149\">Nem\u0161ov\u00e1 18:00<\/td>\n<td width=\"482\">+ Michal a\u00a0M\u00e1ria Prnov\u00e1, Cyril, Brigita, Mari\u00e1n, Gejza, Hanka, Brigita Krba\u0165ov\u00e1 a\u00a0Bpz pre tieto rodiny<\/td>\n<\/tr>\n<tr>\n<td width=\"96\"><strong>\u0160tvrtok<\/strong><\/p>\n<p><strong>\u00a023. 4.<\/strong><\/td>\n<td width=\"149\">Nem\u0161ov\u00e1 18:00<\/td>\n<td width=\"482\">+ z\u00a0rod. Z\u00e1horcovej, Michalcovej a Cvancig\u00e9rovej a\u00a0Bpz pre tieto rodiny<\/td>\n<\/tr>\n<tr>\n<td width=\"96\"><strong>Piatok<\/strong><\/p>\n<p><strong>\u00a024. 4.<\/strong><\/td>\n<td width=\"149\">Nem\u0161ov\u00e1 18:00<\/td>\n<td width=\"482\">+ z\u00a0rod. Forg\u00e1\u010dovej, Bal\u00e1\u017eovej a\u00a0Motolovej a\u00a0Bpz pre rod. Forg\u00e1\u010dov\u00fa a Katonov\u00fa<\/td>\n<\/tr>\n<tr>\n<td rowspan=\"2\" width=\"96\"><strong>Sobota <\/strong><\/p>\n<p><strong>\u00a025. 4.<\/strong><\/td>\n<td width=\"149\">Nem\u0161ov\u00e1 7:00<\/td>\n<td width=\"482\">za du\u0161e v o\u010distci<\/td>\n<\/tr>\n<tr>\n<td width=\"149\">Nem\u0161ov\u00e1\u00a0 17:30<\/td>\n<td width=\"482\">+ J\u00e1n a\u00a0Anna Rido\u0161kov\u00ed, Marek G\u00e1bri\u0161 a\u00a0Bpz pre rod. Bezdedov\u00fa, Patkov\u00fa a Rido\u0161kov\u00fa<\/td>\n<\/tr>\n<tr>\n<td rowspan=\"5\" width=\"96\"><strong>Nede\u013ea<\/strong><\/p>\n<p><strong>\u00a026. 4.<\/strong><\/td>\n<td width=\"149\">K\u013e\u00fa\u010dov\u00e9 7:30<\/td>\n<td width=\"482\">&#8230;<\/td>\n<\/tr>\n<tr>\n<td width=\"149\">Nem\u0161ov\u00e1 8:00<\/td>\n<td width=\"482\">+ rodi\u010dia, star\u00ed rodi\u010dia, krstn\u00ed rodi\u010dia, tety, str\u00fdkovia a\u00a0Bpz pre rod. Krch\u0148\u00e1vkov\u00fa a Tr\u0161kov\u00fa<\/td>\n<\/tr>\n<tr>\n<td width=\"149\">T. Z\u00e1vada 8:45<\/td>\n<td width=\"482\">&#8230;<\/td>\n<\/tr>\n<tr>\n<td width=\"149\">Nem\u0161ov\u00e1 10:15<\/td>\n<td width=\"482\">Pro populo<\/td>\n<\/tr>\n<tr>\n<td width=\"149\">Nem\u0161ov\u00e1 17:30<\/td>\n<td width=\"482\">+ \u013dubom\u00edr (10 v\u00fdr.), z\u00a0rod. Kub\u00e1\u0148ovej, \u010eurechovej, Papiernikovej a\u00a0Pojezd\u00e1lovej a\u00a0Bpz pre tieto rodiny<\/td>\n<\/tr>\n<\/tbody>\n<\/table>\n<p><strong>\u00a0<\/strong><\/p>\n<p>&nbsp;<\/p>\n<p>&nbsp;<\/p>\n<p>&nbsp;<\/p>\n<p>&nbsp;<\/p>\n<p><strong>Pr\u00edle\u017eitostn\u00e9 oznamy<\/strong><\/p>\n<p><strong>\u00a0<\/strong><\/p>\n<ul>\n<li>Dne\u0161nou nede\u013eou za\u010d\u00edna t\u00fd\u017ede\u0148 modlitieb za duchovn\u00e9 povolania. Mysl\u00edme na tento \u00famysel vo svojich modlitb\u00e1ch.<\/li>\n<li>Na bud\u00facu nede\u013eu bude jarn\u00e1 zbierka na semin\u00e1r. Za Va\u0161e milodary V\u00e1m vyprosujeme \u00faprimn\u00e9 P\u00e1n Boh zapla\u0165.<\/li>\n<li>Mlad\u00ed, ktor\u00ed v\u00a0sebe c\u00edtia povolanie ku k\u0148azstvu si m\u00f4\u017eu do konca apr\u00edla poda\u0165 prihl\u00e1\u0161ku do k\u0148azsk\u00e9ho semin\u00e1ra a\u00a0na \u0161t\u00fadium katol\u00edckej teol\u00f3gie v\u00a0Nitre. Podmienky prijatia a pr\u00edlohy k\u00a0prihl\u00e1\u0161ke s\u00fa uverejnen\u00e9 na webovej str\u00e1nke fakulty: <strong>frcth.uniba.sk<\/strong><\/li>\n<li>Vo \u0161tvrtok po sv. om\u0161i bude stretnutie rodi\u010dov prvoprij\u00edmaj\u00facich det\u00ed. \u00da\u010das\u0165 rodi\u010dov je nutn\u00e1.<\/li>\n<\/ul>\n<p>&nbsp;<\/p>\n<p>&nbsp;<\/p>\n<p>&nbsp;<\/p>\n<p>&nbsp;<\/p>\n<p>&nbsp;<\/p>\n<p>&nbsp;<\/p>\n<p>DRUH\u00c1 VE\u013dKONO\u010cN\u00c1 NEDE\u013dA &#8211; NEDE\u013dA BO\u017dIEHO MILOSRDENSTVA<\/p>\n<p>Liturgick\u00fd kalend\u00e1r<\/p>\n<p><strong>\u00a0<\/strong><\/p>\n<p><strong>\u00a0<\/strong><\/p>\n<p><strong>Nede\u013ea:<\/strong> TRETIA VE\u013dKONO\u010cN\u00c1 NEDE\u013dA<\/p>\n<p>&nbsp;<\/p>\n<p>&nbsp;<\/p>\n<p>&nbsp;<\/p>\n<p>&nbsp;<\/p>\n<table width=\"728\">\n<tbody>\n<tr>\n<td rowspan=\"2\" width=\"96\"><strong>Pondelok<\/strong><\/p>\n<p><strong>13. 4.<\/strong><\/td>\n<td width=\"149\">K\u013e\u00fa\u010dov\u00e9 17:00<\/td>\n<td width=\"482\">&#8230;<\/td>\n<\/tr>\n<tr>\n<td width=\"149\">Nem\u0161ov\u00e1 18:00<\/td>\n<td width=\"482\">+ Kvetoslava R\u00e1cikov\u00e1 a\u00a0Bpz pre rodinu R\u00e1cikov\u00fa<\/td>\n<\/tr>\n<tr>\n<td rowspan=\"2\" width=\"96\"><strong>\u00a0 Utorok <\/strong><\/p>\n<p><strong>\u00a0\u00a0\u00a0\u00a0 14. 4.<\/strong><\/td>\n<td width=\"149\">T. Z\u00e1vada 17:00<\/td>\n<td width=\"482\">&#8230;<\/td>\n<\/tr>\n<tr>\n<td width=\"149\">Nem\u0161ov\u00e1 18:00<\/td>\n<td width=\"482\">+ Jozef Patka, z\u00a0rod. Patkovej, +Michal Ma\u010dina, z\u00a0rod. Ma\u010dinovej a\u00a0Bpz pre tieto rodiny<\/td>\n<\/tr>\n<tr>\n<td rowspan=\"2\" width=\"96\"><strong>\u00a0 Streda <\/strong><\/p>\n<p><strong>\u00a0\u00a0\u00a0\u00a0 15. 4.<\/strong><\/td>\n<td width=\"149\">Bor\u010dice 17:00<\/td>\n<td width=\"482\">&#8230;<\/td>\n<\/tr>\n<tr>\n<td width=\"149\">Nem\u0161ov\u00e1 18:00<\/td>\n<td width=\"482\">+ Jozef<\/td>\n<\/tr>\n<tr>\n<td width=\"96\"><strong>\u0160tvrtok<\/strong><\/p>\n<p><strong>\u00a016. 4.<\/strong><\/td>\n<td width=\"149\">Nem\u0161ov\u00e1 18:00<\/td>\n<td width=\"482\">+ Milan, z\u00a0rod. Patkovej, Jan\u00edkovej, C\u00edgerovej, Mut\u0148anskej, Keb\u00edskovej a\u00a0Bpz pre tieto rodiny<\/td>\n<\/tr>\n<tr>\n<td width=\"96\"><strong>Piatok<\/strong><\/p>\n<p><strong>\u00a017. 4.<\/strong><\/td>\n<td width=\"149\">Nem\u0161ov\u00e1 18:00<\/td>\n<td width=\"482\">+ z\u00a0rod. Drhovej, Tarabusovej a\u00a0Bpz pre rod. Drhov\u00fa, Tarabusov\u00fa a Kote\u0161ov\u00fa<\/td>\n<\/tr>\n<tr>\n<td rowspan=\"2\" width=\"96\"><strong>Sobota <\/strong><\/p>\n<p><strong>\u00a018. 4.<\/strong><\/td>\n<td width=\"149\">Nem\u0161ov\u00e1 7:00<\/td>\n<td width=\"482\">Bpz pre rodinu<\/td>\n<\/tr>\n<tr>\n<td width=\"149\">Nem\u0161ov\u00e1\u00a0 17:30<\/td>\n<td width=\"482\">+ Peter Bahno, rodi\u010dia, star\u00ed rodi\u010dia, s\u00farodenci, z\u00a0rod. No\u0161\u00edkovej, Gur\u00ednovej, Drgovej, Zokovej a\u00a0Marti\u0161kovej, a\u00a0za zdravie a\u00a0ochranu P. M\u00e1rie pre rod. Bahnov\u00fa, Korienkov\u00fa, \u0160v\u00edtelov\u00fa a Flis\u00e1rov\u00fa<\/td>\n<\/tr>\n<tr>\n<td rowspan=\"5\" width=\"96\"><strong>Nede\u013ea<\/strong><\/p>\n<p><strong>\u00a019. 4.<\/strong><\/td>\n<td width=\"149\">K\u013e\u00fa\u010dov\u00e9 7:30<\/td>\n<td width=\"482\">&#8230;<\/td>\n<\/tr>\n<tr>\n<td width=\"149\">Nem\u0161ov\u00e1 8:00<\/td>\n<td width=\"482\">+ Jozef, rodi\u010dia Gugov\u00ed a\u00a0Matejkov\u00ed a\u00a0Bpz pre rod. Gugov\u00fa, Melenov\u00fa a Nemcov\u00fa<\/td>\n<\/tr>\n<tr>\n<td width=\"149\">T. Z\u00e1vada 8:45<\/td>\n<td width=\"482\">&#8230;<\/td>\n<\/tr>\n<tr>\n<td width=\"149\">Nem\u0161ov\u00e1 10:15<\/td>\n<td width=\"482\">Pro populo<\/td>\n<\/tr>\n<tr>\n<td width=\"149\">Nem\u0161ov\u00e1 17:30<\/td>\n<td width=\"482\">+ Em\u00edlia Bobotov\u00e1, z\u00a0rod. Lamo\u0161ovej, Caban\u00edkovej, \u0160tef\u00e1nkovej a\u00a0Mackie a\u00a0Bpz pre tieto rodiny<\/td>\n<\/tr>\n<\/tbody>\n<\/table>\n<p><strong>\u00a0<\/strong><\/p>\n<p>&nbsp;<\/p>\n<p>&nbsp;<\/p>\n<p>&nbsp;<\/p>\n<p>&nbsp;<\/p>\n<p><strong>Pr\u00edle\u017eitostn\u00e9 oznamy<\/strong><\/p>\n<p><strong>\u00a0<\/strong><\/p>\n<ul>\n<li>Dnes sl\u00e1vime nede\u013eu Bo\u017eieho milosrdenstva. Pri splnen\u00ed obvykl\u00fdch podmienok a\u00a0ucten\u00ed obrazu Bo\u017eieho milosrdenstva m\u00f4\u017eeme z\u00edska\u0165 plnomocn\u00e9 odpustky.<\/li>\n<li>V\u00a0piatok poz\u00fdvame deti na detsk\u00fa sv. om\u0161u, ktor\u00fa bude sprev\u00e1dza\u0165 ml\u00e1de\u017en\u00edcky spevokol. Po sv. om\u0161i maj\u00fa mlad\u00ed pre deti pripraven\u00fd program.<\/li>\n<li>V\u00a0sobotu po ve\u010dernej sv. om\u0161i bude stretnutie mini\u0161trantov v\u00a0u\u010debni na fare.<\/li>\n<\/ul>\n<p>&nbsp;<\/p>\n<p>&nbsp;<\/p>\n<p>&nbsp;<\/p>\n<p>&nbsp;<\/p>\n<p>&nbsp;<\/p>\n<p>&nbsp;<\/p>\n<p>&nbsp;<\/p>\n<p>&nbsp;<\/p>\n<p>&nbsp;<\/p>\n<p>&nbsp;<\/p>\n<p>&nbsp;<\/p>\n<p>&nbsp;<\/p>\n<p>&nbsp;<\/p>\n<p>&nbsp;<\/p>\n<p>&nbsp;<\/p>\n<p>&nbsp;<\/p>\n<p>&nbsp;<\/p>\n<p>&nbsp;<\/p>\n<p>&nbsp;<\/p>\n<p>&nbsp;<\/p>\n<p>&nbsp;<\/p>\n<p>&nbsp;<\/p>\n<p>&nbsp;<\/p>\n<p>&nbsp;<\/p>\n<p>&nbsp;<\/p>\n<p>&nbsp;<\/p>\n<p>&nbsp;<\/p>\n<p>&nbsp;<\/p>\n<p>&nbsp;<\/p>\n<p>&nbsp;<\/p>\n<p>&nbsp;<\/p>\n<p>&nbsp;<\/p>\n<p>&nbsp;<\/p>\n<p>&nbsp;<\/p>\n<p>&nbsp;<\/p>\n<p>&nbsp;<\/p>\n<p>&nbsp;<\/p>\n<p>&nbsp;<\/p>\n<p>&nbsp;<\/p>\n<p>&nbsp;<\/p>\n<p>&nbsp;<\/p>\n<p>&nbsp;<\/p>\n<p>&nbsp;<\/p>\n<p>&nbsp;<\/p>\n<p>&nbsp;<\/p>\n<p>&nbsp;<\/p>\n<p>&nbsp;<\/p>\n<p>&nbsp;<\/p>\n<p>&nbsp;<\/p>\n<p>&nbsp;<\/p>\n<p>&nbsp;<\/p>\n<p>&nbsp;<\/p>\n<p>&nbsp;<\/p>\n<p>&nbsp;<\/p>\n<p>&nbsp;<\/p>\n<p>&nbsp;<\/p>\n<p>&nbsp;<\/p>\n<p>&nbsp;<\/p>\n<p>&nbsp;<\/p>\n<p>&nbsp;<\/p>\n<p>&nbsp;<\/p>\n<p>&nbsp;<\/p>\n<p>&nbsp;<\/p>\n<p>&nbsp;<\/p>\n<p>&nbsp;<\/p>\n<p>&nbsp;<\/p>\n<p>&nbsp;<\/p>\n<p>&nbsp;<\/p>\n<p>&nbsp;<\/p>\n<p>&nbsp;<\/p>\n<p>&nbsp;<\/p>\n<p>&nbsp;<\/p>\n<p>&nbsp;<\/p>\n<p>&nbsp;<\/p>\n<p>&nbsp;<\/p>\n<p>&nbsp;<\/p>\n<p>&nbsp;<\/p>\n<p>&nbsp;<\/p>\n<p>&nbsp;<\/p>\n<p>&nbsp;<\/p>\n<p>&nbsp;<\/p>\n<p>&nbsp;<\/p>\n<p>&nbsp;<\/p>\n<p>&nbsp;<\/p>\n<p>&nbsp;<\/p>\n<p>&nbsp;<\/p>\n<p>&nbsp;<\/p>\n<p>&nbsp;<\/p>\n<p>&nbsp;<\/p>\n<p>&nbsp;<\/p>\n<p>&nbsp;<\/p>\n<p><strong>\u00a0 \u00a0 \u00a0 \u00a0 \u00a0 \u00a0 \u00a0 \u00a0 \u00a0 \u00a0 \u00a0<\/strong><\/p>\n<p>&nbsp;<\/p>\n<p>&nbsp;<\/p>\n<p>&nbsp;<\/p>\n<p>&nbsp;<\/p>\n<p>&nbsp;<\/p>\n<p>&nbsp;<\/p>\n<p>&nbsp;<\/p>\n<p>&nbsp;<\/p>\n<p>&nbsp;<\/p>\n<p>&nbsp;<\/p>\n<p>&nbsp;<\/p>\n<p>&nbsp;<\/p>\n<p>&nbsp;<\/p>\n<p>&nbsp;<\/p>\n<p>&nbsp;<\/p>\n<p>&nbsp;<\/p>\n<p>&nbsp;<\/p>\n<p>&nbsp;<\/p>\n<p>&nbsp;<\/p>\n<p>&nbsp;<\/p>\n<p>&nbsp;<\/p>\n<p>&nbsp;<\/p>\n<p>&nbsp;<\/p>\n<p>&nbsp;<\/p>\n<p>&nbsp;<\/p>\n<p>&nbsp;<\/p>\n<p>&nbsp;<\/p>\n<p>&nbsp;<\/p>\n<p>&nbsp;<\/p>\n<p>&nbsp;<\/p>\n<p>&nbsp;<\/p>\n<p>&nbsp;<\/p>\n<p>&nbsp;<\/p>\n<p>&nbsp;<\/p>\n<p>&nbsp;<\/p>\n<p>&nbsp;<\/p>\n<p>&nbsp;<\/p>\n<p>&nbsp;<\/p>\n<p>&nbsp;<\/p>\n<p>&nbsp;<\/p>\n<p>&nbsp;<\/p>\n<p>&nbsp;<\/p>\n<p>&nbsp;<\/p>\n<p>&nbsp;<\/p>\n<p>&nbsp;<\/p>\n<p>&nbsp;<\/p>\n<p>&nbsp;<\/p>\n<p>&nbsp;<\/p>\n<p>&nbsp;<\/p>\n<p>&nbsp;<\/p>\n<p>&nbsp;<\/p>\n<p>&nbsp;<\/p>\n<p>&nbsp;<\/p>\n<p>&nbsp;<\/p>\n<p>&nbsp;<\/p>\n<p>&nbsp;<\/p>\n<p>&nbsp;<\/p>\n<p>&nbsp;<\/p>\n<p>&nbsp;<\/p>\n<p>&nbsp;<\/p>\n<p>&nbsp;<\/p>\n<p>&nbsp;<\/p>\n<p>&nbsp;<\/p>\n<p>&nbsp;<\/p>\n<p>&nbsp;<\/p>\n<p>&nbsp;<\/p>\n<p>&nbsp;<\/p>\n<p>&nbsp;<\/p>\n<p>&nbsp;<\/p>\n<p>&nbsp;<\/p>\n<p>&nbsp;<\/p>\n<p>&nbsp;<\/p>\n<p>&nbsp;<\/p>\n<p>&nbsp;<\/p>\n<p>&nbsp;<\/p>\n<p>&nbsp;<\/p>\n<p>&nbsp;<\/p>\n<p>&nbsp;<\/p>\n<p>&nbsp;<\/p>\n<p>&nbsp;<\/p>\n<p>&nbsp;<\/p>\n<p>&nbsp;<\/p>\n<p>&nbsp;<\/p>\n<p>&nbsp;<\/p>\n<p>&nbsp;<\/p>\n<p>&nbsp;<\/p>\n<p>&nbsp;<\/p>\n<p>&nbsp;<\/p>\n<p>&nbsp;<\/p>\n<p>&nbsp;<\/p>\n<p>&nbsp;<\/p>\n<p>&nbsp;<\/p>\n<p>&nbsp;<\/p>\n<p>&nbsp;<\/p>\n<p>&nbsp;<\/p>\n<p>&nbsp;<\/p>\n<p>&nbsp;<\/p>\n<p>&nbsp;<\/p>\n<p>&nbsp;<\/p>\n<p>&nbsp;<\/p>\n<p>&nbsp;<\/p>\n<p>&nbsp;<\/p>\n<p>&nbsp;<\/p>\n<p>&nbsp;<\/p>\n<p>&nbsp;<\/p>\n<p>&nbsp;<\/p>\n<p>&nbsp;<\/p>\n<p>&nbsp;<\/p>\n<p>&nbsp;<\/p>\n<p>&nbsp;<\/p>\n<p><strong>\u00a0<em>\u00a0<\/em><\/strong><\/p>\n<p>&nbsp;<\/p>\n<p><strong>\u00a0 <\/strong><\/p>\n<p>&nbsp;<\/p>\n<p>&nbsp;<\/p>\n<p>&nbsp;<\/p>\n<p>&nbsp;<\/p>\n<p>&nbsp;<\/p>\n<p>&nbsp;<\/p>\n<p>&nbsp;<\/p>\n<p>&nbsp;<\/p>\n<p><strong>\u00a0 <\/strong><\/p>\n<p>&nbsp;<\/p>\n<p>&nbsp;<\/p>\n<p>&nbsp;<\/p>\n<p>&nbsp;<\/p>\n<p>&nbsp;<\/p>\n<p>&nbsp;<\/p>\n<p>&nbsp;<\/p>\n<p>&nbsp;<\/p>\n<p>&nbsp;<\/p>\n<p>&nbsp;<\/p>\n<p><strong>\u00a0\u00a0\u00a0\u00a0\u00a0\u00a0\u00a0\u00a0\u00a0\u00a0\u00a0\u00a0\u00a0\u00a0\u00a0<\/strong><\/p>\n<p><strong>\u00a0\u00a0\u00a0\u00a0\u00a0\u00a0<\/strong><\/p>\n<p><strong>\u00a0\u00a0\u00a0\u00a0\u00a0\u00a0\u00a0\u00a0\u00a0\u00a0\u00a0\u00a0<\/strong><\/p>\n<p>&nbsp;<\/p>\n<p><strong>\u00a0\u00a0\u00a0\u00a0\u00a0\u00a0\u00a0\u00a0\u00a0\u00a0\u00a0<\/strong><\/p>\n<p><strong>\u00a0\u00a0\u00a0\u00a0\u00a0\u00a0\u00a0\u00a0\u00a0\u00a0 <\/strong><\/p>\n<p>&nbsp;<\/p>\n<p>&nbsp;<\/p>\n<p>&nbsp;<\/p>\n<p>&nbsp;<\/p>\n<p>&nbsp;<\/p>\n<p>&nbsp;<\/p>\n<p>&nbsp;<\/p>\n<p>&nbsp;<\/p>\n<p>&nbsp;<\/p>\n<p>&nbsp;<\/p>\n<p>&nbsp;<\/p>\n<p>&nbsp;<\/p>\n<p>&nbsp;<\/p>\n<p>&nbsp;<\/p>\n<p><strong>\u00a0\u00a0\u00a0\u00a0\u00a0\u00a0\u00a0\u00a0<\/strong><\/p>\n<p><strong>\u00a0\u00a0<\/strong><\/p>\n<p><strong>\u00a0 <\/strong><\/p>\n<p><strong>\u00a0\u00a0\u00a0<\/strong><\/p>\n<p><strong>\u00a0<\/strong><\/p>\n<table style=\"height: 296px;\" width=\"270\">\n<tbody>\n<tr>\n<td width=\"38\"><\/td>\n<td width=\"28\"><\/td>\n<td width=\"132\"><\/td>\n<td width=\"123\"><\/td>\n<td width=\"123\"><\/td>\n<td width=\"151\"><\/td>\n<td width=\"132\"><\/td>\n<\/tr>\n<tr>\n<td rowspan=\"2\" width=\"38\"><\/td>\n<td width=\"28\"><\/td>\n<td width=\"132\"><\/td>\n<td width=\"123\"><\/td>\n<td width=\"123\"><\/td>\n<td width=\"151\"><\/td>\n<td width=\"132\"><\/td>\n<\/tr>\n<tr>\n<td width=\"28\"><\/td>\n<td width=\"132\"><\/td>\n<td width=\"123\"><\/td>\n<td width=\"123\"><\/td>\n<td width=\"151\"><\/td>\n<td width=\"132\"><\/td>\n<\/tr>\n<tr>\n<td rowspan=\"2\" width=\"38\"><\/td>\n<td width=\"28\"><\/td>\n<td width=\"132\"><\/td>\n<td width=\"123\"><\/td>\n<td width=\"123\"><\/td>\n<td width=\"151\"><\/td>\n<td width=\"132\"><\/td>\n<\/tr>\n<tr>\n<td width=\"28\"><\/td>\n<td width=\"132\"><\/td>\n<td width=\"123\"><\/td>\n<td width=\"123\"><\/td>\n<td width=\"151\"><\/td>\n<td width=\"132\"><\/td>\n<\/tr>\n<tr>\n<td rowspan=\"2\" width=\"38\"><\/td>\n<td width=\"28\"><\/td>\n<td width=\"132\"><\/td>\n<td width=\"123\"><\/td>\n<td width=\"123\"><\/td>\n<td width=\"151\"><\/td>\n<td width=\"132\"><\/td>\n<\/tr>\n<tr>\n<td width=\"28\"><\/td>\n<td width=\"132\"><\/td>\n<td width=\"123\"><\/td>\n<td width=\"123\"><\/td>\n<td width=\"151\"><\/td>\n<td width=\"132\"><\/td>\n<\/tr>\n<tr>\n<td rowspan=\"2\" width=\"38\"><\/td>\n<td width=\"28\"><\/td>\n<td width=\"132\"><\/td>\n<td width=\"123\"><\/td>\n<td width=\"123\"><\/td>\n<td width=\"151\"><\/td>\n<td width=\"132\"><\/td>\n<\/tr>\n<tr>\n<td width=\"28\"><\/td>\n<td width=\"132\"><\/td>\n<td width=\"123\"><\/td>\n<td width=\"123\"><\/td>\n<td width=\"151\"><\/td>\n<td width=\"132\"><\/td>\n<\/tr>\n<tr>\n<td rowspan=\"2\" width=\"38\"><\/td>\n<td width=\"28\"><\/td>\n<td width=\"132\"><\/td>\n<td width=\"123\"><\/td>\n<td width=\"123\"><\/td>\n<td width=\"151\"><\/td>\n<td width=\"132\"><\/td>\n<\/tr>\n<tr>\n<td width=\"28\"><\/td>\n<td width=\"132\"><\/td>\n<td width=\"123\"><\/td>\n<td width=\"123\"><\/td>\n<td width=\"151\"><\/td>\n<td width=\"132\"><\/td>\n<\/tr>\n<tr>\n<td rowspan=\"2\" width=\"38\"><\/td>\n<td width=\"28\"><\/td>\n<td width=\"132\"><\/td>\n<td width=\"123\"><\/td>\n<td width=\"123\"><\/td>\n<td width=\"151\"><\/td>\n<td width=\"132\"><\/td>\n<\/tr>\n<tr>\n<td width=\"28\"><\/td>\n<td width=\"132\"><\/td>\n<td width=\"123\"><\/td>\n<td width=\"123\"><\/td>\n<td width=\"151\"><\/td>\n<td width=\"132\"><\/td>\n<\/tr>\n<tr>\n<td rowspan=\"2\" width=\"38\"><\/td>\n<td width=\"28\"><\/td>\n<td width=\"132\"><\/td>\n<td width=\"123\"><\/td>\n<td width=\"123\"><\/td>\n<td width=\"151\"><\/td>\n<td width=\"132\"><\/td>\n<\/tr>\n<tr>\n<td width=\"28\"><\/td>\n<td width=\"132\"><\/td>\n<td width=\"123\"><\/td>\n<td width=\"123\"><\/td>\n<td width=\"151\"><\/td>\n<td width=\"132\"><\/td>\n<\/tr>\n<\/tbody>\n<\/table>\n","protected":false},"excerpt":{"rendered":"<p>&nbsp; TRETIA VE\u013dKONO\u010cN\u00c1 NEDE\u013dA Liturgick\u00fd kalend\u00e1r \u00a0 \u00a0 \u00a0 \u0160tvrtok: sv. Vojtecha, biskupa a\u00a0mu\u010den\u00edka \u2013 spomienka Sobota: sv. Marka, evanjelistu &#8211; sviatok Nede\u013ea: \u0160TVRT\u00c1 VE\u013dKONO\u010cN\u00c1 NEDE\u013dA &nbsp; &nbsp; &nbsp; &nbsp; Pondelok 20. 4. K\u013e\u00fa\u010dov\u00e9 17:00 &#8230; Nem\u0161ov\u00e1 18:00 + z\u00a0rod. Barto\u0161ovej, Korpovej a Pukalovi\u010dovej a\u00a0Bpz pre tieto rodiny \u00a0 Utorok \u00a0\u00a0\u00a0\u00a0 21. 4. T. Z\u00e1vada [&hellip;]<\/p>\n","protected":false},"author":1,"featured_media":0,"parent":0,"menu_order":0,"comment_status":"closed","ping_status":"closed","template":"","meta":{"footnotes":""},"class_list":["post-258","page","type-page","status-publish","hentry"],"_links":{"self":[{"href":"https:\/\/nemsova.fara.sk\/web\/wp-json\/wp\/v2\/pages\/258","targetHints":{"allow":["GET"]}}],"collection":[{"href":"https:\/\/nemsova.fara.sk\/web\/wp-json\/wp\/v2\/pages"}],"about":[{"href":"https:\/\/nemsova.fara.sk\/web\/wp-json\/wp\/v2\/types\/page"}],"author":[{"embeddable":true,"href":"https:\/\/nemsova.fara.sk\/web\/wp-json\/wp\/v2\/users\/1"}],"replies":[{"embeddable":true,"href":"https:\/\/nemsova.fara.sk\/web\/wp-json\/wp\/v2\/comments?post=258"}],"version-history":[{"count":447,"href":"https:\/\/nemsova.fara.sk\/web\/wp-json\/wp\/v2\/pages\/258\/revisions"}],"predecessor-version":[{"id":1825,"href":"https:\/\/nemsova.fara.sk\/web\/wp-json\/wp\/v2\/pages\/258\/revisions\/1825"}],"wp:attachment":[{"href":"https:\/\/nemsova.fara.sk\/web\/wp-json\/wp\/v2\/media?parent=258"}],"curies":[{"name":"wp","href":"https:\/\/api.w.org\/{rel}","templated":true}]}}